{"id":3847,"date":"2023-04-19T21:36:31","date_gmt":"2023-04-19T18:36:31","guid":{"rendered":"http:\/\/193.47.43.146\/?page_id=3847"},"modified":"2023-04-19T21:52:33","modified_gmt":"2023-04-19T18:52:33","slug":"reguli-de-participare-la-evenimente","status":"publish","type":"page","link":"https:\/\/mig.institute\/ro\/reguli-de-participare-la-evenimente\/","title":{"rendered":"REGULI DE PARTICIPARE LA EVENIMENTE"},"content":{"rendered":"<div class=\"wp-block-columns is-layout-flex wp-container-core-columns-is-layout-9d6595d7 wp-block-columns-is-layout-flex\"><div class=\"wp-block-column is-layout-flow wp-block-column-is-layout-flow\"><p>V\u0103 ur\u0103m bun venit la evenimentele noastre educa\u021bionale. Pentru a crea o atmosfer\u0103 confortabil\u0103 \u0219i pentru a sprijini o \u00eenv\u0103\u021bare eficient\u0103, v\u0103 rug\u0103m s\u0103 respecta\u021bi c\u00e2teva reguli de participare:<\/p>\n\n<ul class=\"wp-block-list\"><li> fii respectuos fa\u021b\u0103 de ceilal\u021bi membri. Amintesteti c\u0103 venim cu to\u021bii din locuri diferite \u0219i ne aflam \u00een diferite etape ale vie\u021bii noastre. Nu avem o cerin\u021b\u0103 obligatorie de a fi politico\u0219i fa\u021b\u0103 de al\u021bi oameni, dar comportamentul distructiv este inacceptabil. <\/li>\n\n<li>V\u0103 rug\u0103m s\u0103 v\u0103 ab\u021bine\u021bi de la orice form\u0103 de propagand\u0103. <\/li>\n\n<li><strong>Comportamentul provocator<\/strong>, intimidarea, apelurile la violen\u021b\u0103 \u0219i spam-ul sunt inacceptabile. Ne str\u0103duim s\u0103 cre\u0103m o atmosfer\u0103 prietenoas\u0103 \u0219i respectuoas\u0103 la evenimente, prin urmare oprim orice ac\u021biuni care vizeaz\u0103 umilirea sau insultarea altor participan\u021bi. <\/li>\n\n<li>Nu face\u021bi publicitate comercial\u0103 nesolicitat\u0103 \u0219i nu publica\u021bi informa\u021bii personale. Dac\u0103 ave\u021bi informa\u021bii despre bunuri sau servicii pe care dori\u021bi s\u0103 le face\u021bi publice, v\u0103 rug\u0103m s\u0103 contactati <strong>administra\u021bia<\/strong>. <\/li>\n\n<li>\u00eencerca\u021bi, dac\u0103 este posibil, s\u0103 observa\u021bi \u0219i s\u0103 ajuta\u021bi oamenii care p\u0103streaz\u0103 ordinea, creeaz\u0103 confort sau ofer\u0103 suport informa\u021bional. <\/li><\/ul>\n\n<p>V\u0103 rug\u0103m s\u0103 respecta\u021bi aceste reguli. Nerespectarea poate duce la \u00eencetarea particip\u0103rii dumneavoastr\u0103 la eveniment f\u0103r\u0103 notificare. V\u0103 mul\u021bumim pentru \u00een\u021belegere \u0219i cooperare \u00een crearea unei atmosfere pozitive \u0219i productive la evenimentele noastre.<\/p><\/div><\/div>","protected":false},"excerpt":{"rendered":"","protected":false},"author":2,"featured_media":0,"parent":0,"menu_order":12,"comment_status":"closed","ping_status":"closed","template":"","meta":{"_acf_changed":false,"footnotes":""},"class_list":["post-3847","page","type-page","status-publish","hentry"],"acf":[],"_links":{"self":[{"href":"https:\/\/mig.institute\/ro\/wp-json\/wp\/v2\/pages\/3847","targetHints":{"allow":["GET"]}}],"collection":[{"href":"https:\/\/mig.institute\/ro\/wp-json\/wp\/v2\/pages"}],"about":[{"href":"https:\/\/mig.institute\/ro\/wp-json\/wp\/v2\/types\/page"}],"author":[{"embeddable":true,"href":"https:\/\/mig.institute\/ro\/wp-json\/wp\/v2\/users\/2"}],"replies":[{"embeddable":true,"href":"https:\/\/mig.institute\/ro\/wp-json\/wp\/v2\/comments?post=3847"}],"version-history":[{"count":4,"href":"https:\/\/mig.institute\/ro\/wp-json\/wp\/v2\/pages\/3847\/revisions"}],"predecessor-version":[{"id":3854,"href":"https:\/\/mig.institute\/ro\/wp-json\/wp\/v2\/pages\/3847\/revisions\/3854"}],"wp:attachment":[{"href":"https:\/\/mig.institute\/ro\/wp-json\/wp\/v2\/media?parent=3847"}],"curies":[{"name":"wp","href":"https:\/\/api.w.org\/{rel}","templated":true}]}}